{"id":1338,"date":"2026-03-05T11:26:18","date_gmt":"2026-03-05T11:26:18","guid":{"rendered":"https:\/\/nathaliemarechal.ca\/privacy-policy\/"},"modified":"2026-04-28T00:20:03","modified_gmt":"2026-04-28T00:20:03","slug":"privacy-policy","status":"publish","type":"page","link":"https:\/\/nathaliemarechal.ca\/en\/privacy-policy\/","title":{"rendered":"Privacy Policy"},"content":{"rendered":"\t\t<div data-elementor-type=\"wp-page\" data-elementor-id=\"1338\" class=\"elementor elementor-1338 elementor-3\" data-elementor-post-type=\"page\">\n\t\t\t\t<div class=\"elementor-element elementor-element-44fbd01d e-flex e-con-boxed e-con e-parent\" data-id=\"44fbd01d\" data-element_type=\"container\" data-e-type=\"container\">\n\t\t\t\t\t<div class=\"e-con-inner\">\n\t\t\t\t<div class=\"elementor-element elementor-element-52e0c45 elementor-widget elementor-widget-heading\" data-id=\"52e0c45\" data-element_type=\"widget\" data-e-type=\"widget\" data-widget_type=\"heading.default\">\n\t\t\t\t\t<h1 class=\"elementor-heading-title elementor-size-default\">Privacy Policy<\/h1>\t\t\t\t<\/div>\n\t\t\t\t<div class=\"elementor-element elementor-element-1331796b elementor-widget elementor-widget-text-editor\" data-id=\"1331796b\" data-element_type=\"widget\" data-e-type=\"widget\" data-widget_type=\"text-editor.default\">\n\t\t\t\t\t\t\t\t\t\n<p data-start=\"537\" data-end=\"577\"><strong data-start=\"537\" data-end=\"577\">Derni\u00e8re mise \u00e0 jour : 27 avril 2026<\/strong><\/p>\n<p data-start=\"579\" data-end=\"907\">La protection de vos renseignements personnels est importante pour Nathalie Mar\u00e9chal. La pr\u00e9sente politique explique de fa\u00e7on claire comment les renseignements personnels peuvent \u00eatre recueillis, utilis\u00e9s, conserv\u00e9s et prot\u00e9g\u00e9s lorsque vous visitez le site <strong data-start=\"836\" data-end=\"868\">https:\/\/nathaliemarechal.com<\/strong> ou lorsque vous communiquez avec nous.<\/p>\n<h3 data-section-id=\"1gsf61z\" data-start=\"909\" data-end=\"951\">1. Renseignements personnels recueillis<\/h3>\n<p data-start=\"953\" data-end=\"1168\">Nous pouvons recueillir certains renseignements personnels lorsque vous remplissez un formulaire, demandez de l\u2019information, prenez contact au sujet d\u2019une propri\u00e9t\u00e9 ou communiquez directement avec Nathalie Mar\u00e9chal.<\/p>\n<p data-start=\"1170\" data-end=\"1227\">Les renseignements recueillis peuvent notamment inclure :<\/p>\n<ul data-start=\"1229\" data-end=\"1487\">\n<li data-section-id=\"1z0jyk3\" data-start=\"1229\" data-end=\"1251\">votre pr\u00e9nom et nom;<\/li>\n<li data-section-id=\"4w5ixz\" data-start=\"1252\" data-end=\"1277\">votre adresse courriel;<\/li>\n<li data-section-id=\"1p6jsr2\" data-start=\"1278\" data-end=\"1306\">votre num\u00e9ro de t\u00e9l\u00e9phone;<\/li>\n<li data-section-id=\"1didurm\" data-start=\"1307\" data-end=\"1337\">le contenu de votre message;<\/li>\n<li data-section-id=\"9ypgm4\" data-start=\"1338\" data-end=\"1410\">votre int\u00e9r\u00eat pour une propri\u00e9t\u00e9, un secteur ou un service immobilier;<\/li>\n<li data-section-id=\"193ty8t\" data-start=\"1411\" data-end=\"1487\">toute autre information que vous choisissez de transmettre volontairement.<\/li>\n<\/ul>\n<p data-start=\"1489\" data-end=\"1715\">Le site peut \u00e9galement recueillir certaines donn\u00e9es techniques li\u00e9es \u00e0 votre navigation, comme l\u2019adresse IP, le type d\u2019appareil utilis\u00e9, le navigateur, les pages consult\u00e9es, la dur\u00e9e de visite et les interactions avec le site.<\/p>\n<h3 data-section-id=\"1mzbfmq\" data-start=\"1717\" data-end=\"1764\">2. Utilisation des renseignements personnels<\/h3>\n<p data-start=\"1766\" data-end=\"1932\">Les renseignements personnels recueillis sont utilis\u00e9s uniquement pour des fins l\u00e9gitimes li\u00e9es aux services immobiliers et \u00e0 la gestion du site web, notamment pour :<\/p>\n<ul data-start=\"1934\" data-end=\"2361\">\n<li data-section-id=\"1u1ic2o\" data-start=\"1934\" data-end=\"1974\">r\u00e9pondre \u00e0 vos demandes d\u2019information;<\/li>\n<li data-section-id=\"n4ep9l\" data-start=\"1975\" data-end=\"2068\">communiquer avec vous au sujet d\u2019une propri\u00e9t\u00e9, d\u2019une estimation ou d\u2019un projet immobilier;<\/li>\n<li data-section-id=\"h9l4kr\" data-start=\"2069\" data-end=\"2108\">planifier un rendez-vous ou un suivi;<\/li>\n<li data-section-id=\"1wdxark\" data-start=\"2109\" data-end=\"2184\">vous transmettre des renseignements pertinents li\u00e9s au march\u00e9 immobilier;<\/li>\n<li data-section-id=\"ffcby9\" data-start=\"2185\" data-end=\"2234\">am\u00e9liorer l\u2019exp\u00e9rience utilisateur sur le site;<\/li>\n<li data-section-id=\"128az7d\" data-start=\"2235\" data-end=\"2287\">mesurer la performance du site et de ses contenus;<\/li>\n<li data-section-id=\"1obadnr\" data-start=\"2288\" data-end=\"2361\">assurer la s\u00e9curit\u00e9, le bon fonctionnement et l\u2019administration du site.<\/li>\n<\/ul>\n<p data-start=\"2363\" data-end=\"2417\">Aucun renseignement personnel n\u2019est vendu \u00e0 des tiers.<\/p>\n<h3 data-section-id=\"xn00yp\" data-start=\"2419\" data-end=\"2437\">3. Consentement<\/h3>\n<p data-start=\"2439\" data-end=\"2700\">En transmettant volontairement vos renseignements personnels par l\u2019entremise du site, par courriel, par t\u00e9l\u00e9phone ou par tout autre moyen de communication, vous consentez \u00e0 ce que ces renseignements soient utilis\u00e9s aux fins indiqu\u00e9es dans la pr\u00e9sente politique.<\/p>\n<p data-start=\"2702\" data-end=\"2825\">Vous pouvez retirer votre consentement en tout temps, sous r\u00e9serve des obligations l\u00e9gales ou professionnelles applicables.<\/p>\n<h3 data-section-id=\"193acol\" data-start=\"2827\" data-end=\"2873\">4. T\u00e9moins de connexion et outils d\u2019analyse<\/h3>\n<p data-start=\"559\" data-end=\"832\">Le site <strong data-start=\"567\" data-end=\"599\">https:\/\/nathaliemarechal.com<\/strong> peut utiliser des t\u00e9moins de connexion, aussi appel\u00e9s cookies, ainsi que des technologies similaires afin d\u2019assurer le bon fonctionnement du site, d\u2019analyser son achalandage et d\u2019am\u00e9liorer l\u2019efficacit\u00e9 des communications num\u00e9riques.<\/p>\n<p data-start=\"834\" data-end=\"887\">Les outils suivants peuvent notamment \u00eatre utilis\u00e9s :<\/p>\n<ul data-start=\"889\" data-end=\"1491\">\n<li data-section-id=\"1mlsh8n\" data-start=\"889\" data-end=\"1061\"><strong data-start=\"891\" data-end=\"911\">Google Analytics<\/strong>, afin de mesurer l\u2019achalandage du site, les pages consult\u00e9es, la dur\u00e9e des visites, les sources de trafic et les interactions g\u00e9n\u00e9rales avec le site;<\/li>\n<li data-section-id=\"1hhta3e\" data-start=\"1062\" data-end=\"1268\"><strong data-start=\"1064\" data-end=\"1078\">Meta Pixel<\/strong>, afin de mesurer l\u2019efficacit\u00e9 des campagnes publicitaires, cr\u00e9er des audiences publicitaires et pr\u00e9senter du contenu plus pertinent sur les plateformes de Meta, comme Facebook et Instagram;<\/li>\n<li data-section-id=\"1a24txl\" data-start=\"1269\" data-end=\"1381\"><strong data-start=\"1271\" data-end=\"1290\">formulaires CRM<\/strong>, afin de recevoir, organiser et traiter les demandes transmises par les visiteurs du site;<\/li>\n<li data-section-id=\"1qy3ltq\" data-start=\"1382\" data-end=\"1491\"><strong data-start=\"1384\" data-end=\"1406\">outil d\u2019infolettre<\/strong>, afin de g\u00e9rer les inscriptions, les envois de communications et les d\u00e9sabonnements.<\/li>\n<\/ul>\n<p data-start=\"1493\" data-end=\"1715\">Ces outils peuvent recueillir certaines donn\u00e9es techniques ou de navigation, comme l\u2019adresse IP, le type d\u2019appareil utilis\u00e9, le navigateur, les pages consult\u00e9es, les interactions avec le site et la provenance de la visite.<\/p>\n<p data-start=\"1717\" data-end=\"2010\">Lorsque requis, les t\u00e9moins li\u00e9s \u00e0 l\u2019analyse, \u00e0 la publicit\u00e9 ou au profilage ne sont activ\u00e9s qu\u2019avec le consentement de l\u2019utilisateur. L\u2019utilisateur peut refuser ou modifier ses pr\u00e9f\u00e9rences en mati\u00e8re de t\u00e9moins, selon les options offertes sur le site ou dans les param\u00e8tres de son navigateur.<\/p>\n<h3 data-section-id=\"121rbfu\" data-start=\"2012\" data-end=\"2044\">Formulaires de contact et CRM<\/h3>\n<p data-start=\"2046\" data-end=\"2217\">Lorsque vous remplissez un formulaire sur le site, les renseignements transmis peuvent \u00eatre enregistr\u00e9s dans un syst\u00e8me de gestion de la relation client, aussi appel\u00e9 CRM.<\/p>\n<p data-start=\"2219\" data-end=\"2255\">Ces renseignements peuvent inclure :<\/p>\n<ul data-start=\"2257\" data-end=\"2521\">\n<li data-section-id=\"1rd7x6x\" data-start=\"2257\" data-end=\"2285\">votre pr\u00e9nom et votre nom;<\/li>\n<li data-section-id=\"4w5ixz\" data-start=\"2286\" data-end=\"2311\">votre adresse courriel;<\/li>\n<li data-section-id=\"1p6jsr2\" data-start=\"2312\" data-end=\"2340\">votre num\u00e9ro de t\u00e9l\u00e9phone;<\/li>\n<li data-section-id=\"1didurm\" data-start=\"2341\" data-end=\"2371\">le contenu de votre message;<\/li>\n<li data-section-id=\"9ypgm4\" data-start=\"2372\" data-end=\"2444\">votre int\u00e9r\u00eat pour une propri\u00e9t\u00e9, un secteur ou un service immobilier;<\/li>\n<li data-section-id=\"193ty8t\" data-start=\"2445\" data-end=\"2521\">toute autre information que vous choisissez de transmettre volontairement.<\/li>\n<\/ul>\n<p data-start=\"2523\" data-end=\"2745\">Ces renseignements sont utilis\u00e9s pour r\u00e9pondre \u00e0 votre demande, assurer un suivi personnalis\u00e9, planifier une rencontre, vous transmettre de l\u2019information pertinente ou vous accompagner dans le cadre d\u2019un projet immobilier.<\/p>\n<h3 data-section-id=\"pdnsso\" data-start=\"2747\" data-end=\"2792\">Infolettre et communications \u00e9lectroniques<\/h3>\n<p data-start=\"2794\" data-end=\"3084\">Si vous vous inscrivez \u00e0 l\u2019infolettre ou acceptez de recevoir des communications \u00e9lectroniques, votre nom et votre adresse courriel peuvent \u00eatre utilis\u00e9s afin de vous transmettre des nouvelles, conseils immobiliers, informations sur le march\u00e9, nouveaut\u00e9s, propri\u00e9t\u00e9s ou contenus pertinents.<\/p>\n<p data-start=\"3086\" data-end=\"3257\">Vous pouvez vous d\u00e9sabonner en tout temps en utilisant le lien de d\u00e9sabonnement pr\u00e9vu dans les communications re\u00e7ues ou en communiquant directement avec Nathalie Mar\u00e9chal.<\/p>\n<p data-start=\"3259\" data-end=\"3484\">Pour les communications \u00e9lectroniques commerciales au Canada, les r\u00e8gles de la LCAP pr\u00e9voient notamment le consentement, l\u2019identification de l\u2019exp\u00e9diteur et un m\u00e9canisme de d\u00e9sabonnement.<\/p>\n<h3 data-section-id=\"1pmpp9y\" data-start=\"3486\" data-end=\"3527\">Communication \u00e0 des fournisseurs tiers<\/h3>\n<p data-start=\"3529\" data-end=\"3704\">Certains renseignements peuvent \u00eatre trait\u00e9s par des fournisseurs de services technologiques utilis\u00e9s pour l\u2019exploitation du site et des communications num\u00e9riques, notamment :<\/p>\n<ul data-start=\"3706\" data-end=\"3940\">\n<li data-section-id=\"1ayy8h2\" data-start=\"3706\" data-end=\"3748\">Google, pour les statistiques de visite;<\/li>\n<li data-section-id=\"10j5x9u\" data-start=\"3749\" data-end=\"3804\">Meta, pour les mesures publicitaires et le reciblage;<\/li>\n<li data-section-id=\"13foubg\" data-start=\"3805\" data-end=\"3829\">le fournisseur du CRM;<\/li>\n<li data-section-id=\"b1ovn9\" data-start=\"3830\" data-end=\"3863\">le fournisseur de l\u2019infolettre;<\/li>\n<li data-section-id=\"n3c7iw\" data-start=\"3864\" data-end=\"3899\">le fournisseur d\u2019h\u00e9bergement web;<\/li>\n<li data-section-id=\"uv0ipl\" data-start=\"3900\" data-end=\"3940\">les outils de gestion des formulaires.<\/li>\n<\/ul>\n<p data-start=\"3942\" data-end=\"4154\">Ces fournisseurs peuvent traiter certaines donn\u00e9es \u00e0 l\u2019ext\u00e9rieur du Qu\u00e9bec ou du Canada. Lorsque cela est applicable, des mesures raisonnables sont prises afin que les renseignements soient prot\u00e9g\u00e9s ad\u00e9quatement.<\/p>\n<h3 data-section-id=\"1wyu5x\" data-start=\"3697\" data-end=\"3728\">5. Communication \u00e0 des tiers<\/h3>\n<p data-start=\"3730\" data-end=\"3921\">Vos renseignements personnels peuvent \u00eatre communiqu\u00e9s \u00e0 certains fournisseurs ou partenaires uniquement lorsque cela est n\u00e9cessaire \u00e0 la prestation des services ou au fonctionnement du site.<\/p>\n<p data-start=\"3923\" data-end=\"3955\">Cela peut inclure, par exemple :<\/p>\n<ul data-start=\"3957\" data-end=\"4265\">\n<li data-section-id=\"rgo9sg\" data-start=\"3957\" data-end=\"3994\">des fournisseurs d\u2019h\u00e9bergement web;<\/li>\n<li data-section-id=\"wxr8g6\" data-start=\"3995\" data-end=\"4050\">des outils de gestion de formulaires ou de courriels;<\/li>\n<li data-section-id=\"1kz26of\" data-start=\"4051\" data-end=\"4080\">des services d\u2019analyse web;<\/li>\n<li data-section-id=\"rw16uf\" data-start=\"4081\" data-end=\"4134\">des plateformes publicitaires ou de m\u00e9dias sociaux;<\/li>\n<li data-section-id=\"1la547l\" data-start=\"4135\" data-end=\"4265\">des partenaires professionnels impliqu\u00e9s dans une transaction immobili\u00e8re, lorsque requis et avec les autorisations appropri\u00e9es.<\/li>\n<\/ul>\n<p data-start=\"4267\" data-end=\"4416\">Ces tiers ne peuvent utiliser les renseignements que pour les fins pr\u00e9vues et doivent prendre des mesures raisonnables pour en assurer la protection.<\/p>\n<h3 data-section-id=\"1wa96zt\" data-start=\"4418\" data-end=\"4455\">6. Conservation des renseignements<\/h3>\n<p data-start=\"4457\" data-end=\"4669\">Les renseignements personnels sont conserv\u00e9s uniquement pendant la dur\u00e9e n\u00e9cessaire aux fins pour lesquelles ils ont \u00e9t\u00e9 recueillis, sauf si une dur\u00e9e de conservation plus longue est exig\u00e9e ou permise par la loi.<\/p>\n<p data-start=\"4671\" data-end=\"4790\">Lorsque les renseignements ne sont plus n\u00e9cessaires, ils sont d\u00e9truits, supprim\u00e9s ou anonymis\u00e9s de mani\u00e8re s\u00e9curitaire.<\/p>\n<h3 data-section-id=\"1jyjb67\" data-start=\"4792\" data-end=\"4825\">7. S\u00e9curit\u00e9 des renseignements<\/h3>\n<p data-start=\"4827\" data-end=\"5039\">Des mesures raisonnables sont mises en place afin de prot\u00e9ger les renseignements personnels contre la perte, le vol, l\u2019acc\u00e8s non autoris\u00e9, l\u2019utilisation abusive, la communication non autoris\u00e9e ou la modification.<\/p>\n<p data-start=\"5041\" data-end=\"5084\">Ces mesures peuvent inclure, selon le cas :<\/p>\n<ul data-start=\"5086\" data-end=\"5405\">\n<li data-section-id=\"r2uip2\" data-start=\"5086\" data-end=\"5133\">l\u2019acc\u00e8s limit\u00e9 aux renseignements personnels;<\/li>\n<li data-section-id=\"u6uhq6\" data-start=\"5134\" data-end=\"5189\">l\u2019utilisation de mots de passe et d\u2019outils s\u00e9curis\u00e9s;<\/li>\n<li data-section-id=\"1830lqj\" data-start=\"5190\" data-end=\"5238\">l\u2019h\u00e9bergement aupr\u00e8s de fournisseurs reconnus;<\/li>\n<li data-section-id=\"f23alu\" data-start=\"5239\" data-end=\"5296\">la mise \u00e0 jour r\u00e9guli\u00e8re du site et de ses composantes;<\/li>\n<li data-section-id=\"8a34we\" data-start=\"5297\" data-end=\"5405\">des pratiques internes visant \u00e0 limiter l\u2019acc\u00e8s aux renseignements aux seules personnes qui en ont besoin.<\/li>\n<\/ul>\n<p data-start=\"5407\" data-end=\"5527\">Malgr\u00e9 ces mesures, aucune transmission de donn\u00e9es par Internet ne peut \u00eatre garantie comme \u00e9tant enti\u00e8rement s\u00e9curis\u00e9e.<\/p>\n<h3 data-section-id=\"1u1lqoe\" data-start=\"5529\" data-end=\"5545\">8. Vos droits<\/h3>\n<p data-start=\"5547\" data-end=\"5659\">Conform\u00e9ment aux lois applicables en mati\u00e8re de protection des renseignements personnels, vous pouvez demander :<\/p>\n<ul data-start=\"5661\" data-end=\"5968\">\n<li data-section-id=\"1r2qjuj\" data-start=\"5661\" data-end=\"5733\">l\u2019acc\u00e8s aux renseignements personnels que nous d\u00e9tenons \u00e0 votre sujet;<\/li>\n<li data-section-id=\"11h13kr\" data-start=\"5734\" data-end=\"5801\">la correction d\u2019un renseignement inexact, incomplet ou \u00e9quivoque;<\/li>\n<li data-section-id=\"s2uy51\" data-start=\"5802\" data-end=\"5862\">le retrait de votre consentement \u00e0 certaines utilisations;<\/li>\n<li data-section-id=\"15s3z9\" data-start=\"5863\" data-end=\"5968\">des pr\u00e9cisions sur l\u2019utilisation, la conservation ou la communication de vos renseignements personnels.<\/li>\n<\/ul>\n<p data-start=\"5970\" data-end=\"6066\">Toute demande doit \u00eatre transmise au responsable de la protection des renseignements personnels.<\/p>\n<h3 data-section-id=\"1lz3qax\" data-start=\"6068\" data-end=\"6132\">9. Responsable de la protection des renseignements personnels<\/h3>\n<p data-start=\"6134\" data-end=\"6245\">Pour toute question concernant la pr\u00e9sente politique ou pour exercer vos droits, vous pouvez communiquer avec :<\/p>\n<p data-start=\"6247\" data-end=\"6409\"><strong data-start=\"6247\" data-end=\"6268\">Nathalie Mar\u00e9chal<\/strong><br data-start=\"6268\" data-end=\"6271\" \/>Responsable de la protection des renseignements personnels<br data-start=\"6329\" data-end=\"6332\" \/>\ud83d\udcde 514 608-2010<br data-start=\"6347\" data-end=\"6350\" \/>\ud83d\udce7 <a class=\"decorated-link cursor-pointer\" rel=\"noopener\" data-start=\"6353\" data-end=\"6375\">nathalie@nmarechal.com<\/a><br data-start=\"6375\" data-end=\"6378\" \/>\ud83c\udf10 https:\/\/nathaliemarechal.com\/<\/p>\n<h3 data-section-id=\"kx4izf\" data-start=\"6411\" data-end=\"6445\">10. Incident de confidentialit\u00e9<\/h3>\n<p data-start=\"6447\" data-end=\"6698\">En cas d\u2019incident impliquant des renseignements personnels, les mesures n\u00e9cessaires seront prises afin de limiter les risques, d\u2019\u00e9valuer la situation et, lorsque requis par la loi, d\u2019aviser les personnes concern\u00e9es ainsi que les autorit\u00e9s comp\u00e9tentes.<\/p>\n<h3 data-section-id=\"1r4b6so\" data-start=\"6700\" data-end=\"6736\">11. Liens vers des sites externes<\/h3>\n<p data-start=\"6738\" data-end=\"7051\">Le site peut contenir des liens vers des sites externes, notamment des plateformes immobili\u00e8res, des r\u00e9seaux sociaux ou des outils tiers. Nathalie Mar\u00e9chal n\u2019est pas responsable des pratiques de confidentialit\u00e9 de ces sites externes. Nous vous invitons \u00e0 consulter leurs politiques de confidentialit\u00e9 respectives.<\/p>\n<h3 data-section-id=\"1bx2vek\" data-start=\"7053\" data-end=\"7088\">12. Modification de la politique<\/h3>\n<p data-start=\"7090\" data-end=\"7290\">La pr\u00e9sente politique peut \u00eatre modifi\u00e9e \u00e0 tout moment afin de refl\u00e9ter les changements apport\u00e9s au site, aux pratiques de gestion des renseignements personnels ou aux obligations l\u00e9gales applicables.<\/p>\n<p data-start=\"7292\" data-end=\"7363\">La date de la derni\u00e8re mise \u00e0 jour sera indiqu\u00e9e au haut de cette page.<\/p>\t\t\t\t\t\t\t\t<\/div>\n\t\t\t\t\t<\/div>\n\t\t\t\t<\/div>\n\t\t\t\t<\/div>\n\t\t","protected":false},"excerpt":{"rendered":"<p>Privacy Policy Derni\u00e8re mise \u00e0 jour : 27 avril 2026 La protection de vos renseignements personnels est importante pour Nathalie Mar\u00e9chal. La pr\u00e9sente politique explique de fa\u00e7on claire comment les renseignements personnels peuvent \u00eatre recueillis, utilis\u00e9s, conserv\u00e9s et prot\u00e9g\u00e9s lorsque vous visitez le site https:\/\/nathaliemarechal.com ou lorsque vous communiquez avec nous. 1. Renseignements personnels recueillis [&hellip;]<\/p>\n","protected":false},"author":1,"featured_media":0,"parent":0,"menu_order":10,"comment_status":"closed","ping_status":"closed","template":"","meta":{"footnotes":""},"class_list":["post-1338","page","type-page","status-publish","hentry"],"_links":{"self":[{"href":"https:\/\/nathaliemarechal.ca\/en\/wp-json\/wp\/v2\/pages\/1338","targetHints":{"allow":["GET"]}}],"collection":[{"href":"https:\/\/nathaliemarechal.ca\/en\/wp-json\/wp\/v2\/pages"}],"about":[{"href":"https:\/\/nathaliemarechal.ca\/en\/wp-json\/wp\/v2\/types\/page"}],"author":[{"embeddable":true,"href":"https:\/\/nathaliemarechal.ca\/en\/wp-json\/wp\/v2\/users\/1"}],"replies":[{"embeddable":true,"href":"https:\/\/nathaliemarechal.ca\/en\/wp-json\/wp\/v2\/comments?post=1338"}],"version-history":[{"count":1,"href":"https:\/\/nathaliemarechal.ca\/en\/wp-json\/wp\/v2\/pages\/1338\/revisions"}],"predecessor-version":[{"id":1339,"href":"https:\/\/nathaliemarechal.ca\/en\/wp-json\/wp\/v2\/pages\/1338\/revisions\/1339"}],"wp:attachment":[{"href":"https:\/\/nathaliemarechal.ca\/en\/wp-json\/wp\/v2\/media?parent=1338"}],"curies":[{"name":"wp","href":"https:\/\/api.w.org\/{rel}","templated":true}]}}